{"id":958,"date":"2020-01-09T09:57:41","date_gmt":"2020-01-09T09:57:41","guid":{"rendered":"https:\/\/dongduongsaigon.vn\/b2b\/?page_id=958"},"modified":"2020-04-15T03:35:25","modified_gmt":"2020-04-15T03:35:25","slug":"trang-tai-khoan-cua-toi","status":"publish","type":"page","link":"https:\/\/dongduongsaigon.vn\/b2b\/trang-tai-khoan-cua-toi\/","title":{"rendered":"Trang t\u00e0i kho\u1ea3n c\u1ee7a t\u00f4i"},"content":{"rendered":"<div class=\"container section-title-container heading-style-01\" ><h2 class=\"section-title section-title-bold-center\"><b><\/b><span class=\"section-title-main\" >L\u1ecaCH S\u1eec \u0110\u01a0N H\u00c0NG<\/span><b><\/b><\/h2><\/div><!-- .section-title -->\n\n\n<div class=\"woocommerce\"><div class=\"woocommerce-notices-wrapper\"><\/div>\n<div class=\"account-container lightbox-inner\">\n\n\t\n\t<div class=\"col2-set row row-divided row-large\" id=\"customer_login\">\n\n\t\t<div class=\"col-1 large-6 col pb-0\">\n\n\t\t\t\n\t\t\t<div class=\"account-login-inner\">\n\n\t\t\t\t<h3 class=\"uppercase\">\u0110\u0103ng nh\u1eadp<\/h3>\n\n\t\t\t\t<form class=\"woocommerce-form woocommerce-form-login login\" method=\"post\">\n\n\t\t\t\t\t\n\t\t\t\t\t<p class=\"woocommerce-form-row woocommerce-form-row--wide form-row form-row-wide\">\n\t\t\t\t\t\t<label for=\"username\">T\u00ean t\u00e0i kho\u1ea3n ho\u1eb7c \u0111\u1ecba ch\u1ec9 email&nbsp;<span class=\"required\">*<\/span><\/label>\n\t\t\t\t\t\t<input type=\"text\" class=\"woocommerce-Input woocommerce-Input--text input-text\" name=\"username\" id=\"username\" autocomplete=\"username\" value=\"\" \/>\t\t\t\t\t<\/p>\n\t\t\t\t\t<p class=\"woocommerce-form-row woocommerce-form-row--wide form-row form-row-wide\">\n\t\t\t\t\t\t<label for=\"password\">M\u1eadt kh\u1ea9u&nbsp;<span class=\"required\">*<\/span><\/label>\n\t\t\t\t\t\t<input class=\"woocommerce-Input woocommerce-Input--text input-text\" type=\"password\" name=\"password\" id=\"password\" autocomplete=\"current-password\" \/>\n\t\t\t\t\t<\/p>\n\n\t\t\t\t\t\n\t\t\t\t\t<p class=\"form-row\">\n\t\t\t\t\t\t<label class=\"woocommerce-form__label woocommerce-form__label-for-checkbox woocommerce-form-login__rememberme\">\n\t\t\t\t\t\t\t<input class=\"woocommerce-form__input woocommerce-form__input-checkbox\" name=\"rememberme\" type=\"checkbox\" id=\"rememberme\" value=\"forever\" \/> <span>Ghi nh\u1edb m\u1eadt kh\u1ea9u<\/span>\n\t\t\t\t\t\t<\/label>\n\t\t\t\t\t\t<input type=\"hidden\" id=\"woocommerce-login-nonce\" name=\"woocommerce-login-nonce\" value=\"49fc1111be\" \/><input type=\"hidden\" name=\"_wp_http_referer\" value=\"\/b2b\/wp-json\/wp\/v2\/pages\/958\" \/>\t\t\t\t\t\t<button type=\"submit\" class=\"woocommerce-Button button woocommerce-form-login__submit\" name=\"login\" value=\"\u0110\u0103ng nh\u1eadp\">\u0110\u0103ng nh\u1eadp<\/button>\n\t\t\t\t\t<\/p>\n\t\t\t\t\t<p class=\"woocommerce-LostPassword lost_password\">\n\t\t\t\t\t\t<a href=\"https:\/\/dongduongsaigon.vn\/b2b\/trang-tai-khoan-cua-toi\/lost-password\/\">Qu\u00ean m\u1eadt kh\u1ea9u?<\/a>\n\t\t\t\t\t<\/p>\n\n\t\t\t\t\t\n\t\t\t\t<\/form>\n\t\t\t<\/div><!-- .login-inner -->\n\n\t\t\t\n\t\t<\/div>\n\n\t\t<div class=\"col-2 large-6 col pb-0\">\n\n\t\t\t<div class=\"account-register-inner\">\n\n\t\t\t\t<h3 class=\"uppercase\">\u0110\u0103ng k\u00fd<\/h3>\n\n\t\t\t\t<form method=\"post\" class=\"woocommerce-form woocommerce-form-register register\"  >\n\n\t\t\t\t\t\n\t\t\t\t\t\n\t\t\t\t\t<p class=\"woocommerce-form-row woocommerce-form-row--wide form-row form-row-wide\">\n\t\t\t\t\t\t<label for=\"reg_email\">\u0110\u1ecba ch\u1ec9 email&nbsp;<span class=\"required\">*<\/span><\/label>\n\t\t\t\t\t\t<input type=\"email\" class=\"woocommerce-Input woocommerce-Input--text input-text\" name=\"email\" id=\"reg_email\" autocomplete=\"email\" value=\"\" \/>\t\t\t\t\t<\/p>\n\n\t\t\t\t\t\n\t\t\t\t\t\t<p>M\u1ed9t m\u1eadt kh\u1ea9u s\u1ebd \u0111\u01b0\u1ee3c g\u1eedi \u0111\u1ebfn \u0111\u1ecba ch\u1ec9 email c\u1ee7a b\u1ea1n.<\/p>\n\n\t\t\t\t\t\n\t\t\t\t\t<div class=\"woocommerce-privacy-policy-text\"><p>D\u1eef li\u1ec7u c\u00e1 nh\u00e2n c\u1ee7a b\u1ea1n s\u1ebd \u0111\u01b0\u1ee3c s\u1eed d\u1ee5ng \u0111\u1ec3 h\u1ed7 tr\u1ee3 tr\u1ea3i nghi\u1ec7m c\u1ee7a b\u1ea1n tr\u00ean to\u00e0n b\u1ed9 trang web n\u00e0y, \u0111\u1ec3 qu\u1ea3n l\u00fd quy\u1ec1n truy c\u1eadp v\u00e0o t\u00e0i kho\u1ea3n c\u1ee7a b\u1ea1n v\u00e0 cho c\u00e1c m\u1ee5c \u0111\u00edch kh\u00e1c \u0111\u01b0\u1ee3c m\u00f4 t\u1ea3 trong <a href=\"https:\/\/dongduongsaigon.vn\/b2b\/?page_id=3\" class=\"woocommerce-privacy-policy-link\" target=\"_blank\">ch\u00ednh s\u00e1ch ri\u00eang t\u01b0<\/a> c\u1ee7a ch\u00fang t\u00f4i.<\/p>\n<\/div>\n\t\t\t\t\t<p class=\"woocommerce-FormRow form-row\">\n\t\t\t\t\t\t<input type=\"hidden\" id=\"woocommerce-register-nonce\" name=\"woocommerce-register-nonce\" value=\"95d8640ba1\" \/><input type=\"hidden\" name=\"_wp_http_referer\" value=\"\/b2b\/wp-json\/wp\/v2\/pages\/958\" \/>\t\t\t\t\t\t<button type=\"submit\" class=\"woocommerce-Button button\" name=\"register\" value=\"\u0110\u0103ng k\u00fd\">\u0110\u0103ng k\u00fd<\/button>\n\t\t\t\t\t<\/p>\n\n\t\t\t\t\t\n\t\t\t\t<\/form>\n\n\t\t\t<\/div><!-- .register-inner -->\n\n\t\t<\/div><!-- .large-6 -->\n\n\t<\/div> <!-- .row -->\n\n<\/div><!-- .account-login-container -->\n\n<\/div>\n","protected":false},"excerpt":{"rendered":"","protected":false},"author":1,"featured_media":0,"parent":0,"menu_order":0,"comment_status":"closed","ping_status":"closed","template":"","meta":[],"yst_prominent_words":[],"_links":{"self":[{"href":"https:\/\/dongduongsaigon.vn\/b2b\/wp-json\/wp\/v2\/pages\/958"}],"collection":[{"href":"https:\/\/dongduongsaigon.vn\/b2b\/wp-json\/wp\/v2\/pages"}],"about":[{"href":"https:\/\/dongduongsaigon.vn\/b2b\/wp-json\/wp\/v2\/types\/page"}],"author":[{"embeddable":true,"href":"https:\/\/dongduongsaigon.vn\/b2b\/wp-json\/wp\/v2\/users\/1"}],"replies":[{"embeddable":true,"href":"https:\/\/dongduongsaigon.vn\/b2b\/wp-json\/wp\/v2\/comments?post=958"}],"version-history":[{"count":3,"href":"https:\/\/dongduongsaigon.vn\/b2b\/wp-json\/wp\/v2\/pages\/958\/revisions"}],"predecessor-version":[{"id":4818,"href":"https:\/\/dongduongsaigon.vn\/b2b\/wp-json\/wp\/v2\/pages\/958\/revisions\/4818"}],"wp:attachment":[{"href":"https:\/\/dongduongsaigon.vn\/b2b\/wp-json\/wp\/v2\/media?parent=958"}],"wp:term":[{"taxonomy":"yst_prominent_words","embeddable":true,"href":"https:\/\/dongduongsaigon.vn\/b2b\/wp-json\/wp\/v2\/yst_prominent_words?post=958"}],"curies":[{"name":"wp","href":"https:\/\/api.w.org\/{rel}","templated":true}]}}